{"id":36,"date":"2024-02-07T19:30:04","date_gmt":"2024-02-07T19:30:04","guid":{"rendered":"https:\/\/flexcontrol.app\/?page_id=36"},"modified":"2025-05-27T13:37:21","modified_gmt":"2025-05-27T13:37:21","slug":"contacto","status":"publish","type":"page","link":"https:\/\/flexcontrol.app\/?page_id=36","title":{"rendered":"Contacto"},"content":{"rendered":"\t\t<div data-elementor-type=\"wp-page\" data-elementor-id=\"36\" class=\"elementor elementor-36\">\n\t\t\t\t<div class=\"elementor-element elementor-element-c7fcc6a e-flex e-con-boxed e-con e-parent\" data-id=\"c7fcc6a\" data-element_type=\"container\" data-settings=\"{&quot;background_background&quot;:&quot;classic&quot;}\">\n\t\t\t\t\t<div class=\"e-con-inner\">\n\t\t<div class=\"elementor-element elementor-element-38a1a95 e-con-full e-flex e-con e-child\" data-id=\"38a1a95\" data-element_type=\"container\" data-settings=\"{&quot;background_background&quot;:&quot;classic&quot;}\">\n\t\t<div class=\"elementor-element elementor-element-e9584ab e-con-full e-flex e-con e-child\" data-id=\"e9584ab\" data-element_type=\"container\" data-settings=\"{&quot;background_background&quot;:&quot;gradient&quot;}\">\n\t\t<div class=\"elementor-element elementor-element-a64bbc2 e-con-full e-flex e-con e-child\" data-id=\"a64bbc2\" data-element_type=\"container\" data-settings=\"{&quot;background_background&quot;:&quot;classic&quot;}\">\n\t\t\t\t<div class=\"elementor-element elementor-element-fac44df elementor-widget elementor-widget-heading\" data-id=\"fac44df\" data-element_type=\"widget\" data-widget_type=\"heading.default\">\n\t\t\t\t<div class=\"elementor-widget-container\">\n\t\t\t<style>\/*! elementor - v3.22.0 - 24-06-2024 *\/\n.elementor-heading-title{padding:0;margin:0;line-height:1}.elementor-widget-heading .elementor-heading-title[class*=elementor-size-]>a{color:inherit;font-size:inherit;line-height:inherit}.elementor-widget-heading .elementor-heading-title.elementor-size-small{font-size:15px}.elementor-widget-heading .elementor-heading-title.elementor-size-medium{font-size:19px}.elementor-widget-heading .elementor-heading-title.elementor-size-large{font-size:29px}.elementor-widget-heading .elementor-heading-title.elementor-size-xl{font-size:39px}.elementor-widget-heading .elementor-heading-title.elementor-size-xxl{font-size:59px}<\/style><h2 class=\"elementor-heading-title elementor-size-default\">Cont\u00e1ctanos <\/h2>\t\t<\/div>\n\t\t\t\t<\/div>\n\t\t\t\t<div class=\"elementor-element elementor-element-11795fd elementor-widget__width-initial elementor-widget elementor-widget-heading\" data-id=\"11795fd\" data-element_type=\"widget\" data-widget_type=\"heading.default\">\n\t\t\t\t<div class=\"elementor-widget-container\">\n\t\t\t<h6 class=\"elementor-heading-title elementor-size-default\">D\u00e9janos tus datos y te mantendremos al d\u00eda con nuestras mejores ofertas y novedades. \u00a1No querr\u00e1s perderte nada!<\/h6>\t\t<\/div>\n\t\t\t\t<\/div>\n\t\t<div class=\"elementor-element elementor-element-f1856c7 e-flex e-con-boxed e-con e-child\" data-id=\"f1856c7\" data-element_type=\"container\">\n\t\t\t\t\t<div class=\"e-con-inner\">\n\t\t\t\t<div class=\"elementor-element elementor-element-116356f elementor-widget__width-initial elementor-widget elementor-widget-image\" data-id=\"116356f\" data-element_type=\"widget\" data-widget_type=\"image.default\">\n\t\t\t\t<div class=\"elementor-widget-container\">\n\t\t\t<style>\/*! elementor - v3.22.0 - 24-06-2024 *\/\n.elementor-widget-image{text-align:center}.elementor-widget-image a{display:inline-block}.elementor-widget-image a img[src$=\".svg\"]{width:48px}.elementor-widget-image img{vertical-align:middle;display:inline-block}<\/style>\t\t\t\t\t\t\t\t\t\t<img fetchpriority=\"high\" decoding=\"async\" width=\"512\" height=\"512\" src=\"https:\/\/flexcontrol.app\/wp-content\/uploads\/2024\/02\/phone-2.png\" class=\"attachment-large size-large wp-image-670\" alt=\"\" srcset=\"https:\/\/flexcontrol.app\/wp-content\/uploads\/2024\/02\/phone-2.png 512w, https:\/\/flexcontrol.app\/wp-content\/uploads\/2024\/02\/phone-2-300x300.png 300w, https:\/\/flexcontrol.app\/wp-content\/uploads\/2024\/02\/phone-2-150x150.png 150w\" sizes=\"(max-width: 512px) 100vw, 512px\" \/>\t\t\t\t\t\t\t\t\t\t\t\t\t<\/div>\n\t\t\t\t<\/div>\n\t\t\t\t<div class=\"elementor-element elementor-element-ff810d5 elementor-widget__width-initial elementor-widget elementor-widget-heading\" data-id=\"ff810d5\" data-element_type=\"widget\" data-widget_type=\"heading.default\">\n\t\t\t\t<div class=\"elementor-widget-container\">\n\t\t\t<h5 class=\"elementor-heading-title elementor-size-default\">+52 55 8094 1589<\/h5>\t\t<\/div>\n\t\t\t\t<\/div>\n\t\t\t\t\t<\/div>\n\t\t\t\t<\/div>\n\t\t<div class=\"elementor-element elementor-element-ccb30cc e-flex e-con-boxed e-con e-child\" data-id=\"ccb30cc\" data-element_type=\"container\">\n\t\t\t\t\t<div class=\"e-con-inner\">\n\t\t\t\t<div class=\"elementor-element elementor-element-61c7c5c elementor-widget__width-initial elementor-widget elementor-widget-image\" data-id=\"61c7c5c\" data-element_type=\"widget\" data-widget_type=\"image.default\">\n\t\t\t\t<div class=\"elementor-widget-container\">\n\t\t\t\t\t\t\t\t\t\t\t\t\t<img decoding=\"async\" width=\"512\" height=\"512\" src=\"https:\/\/flexcontrol.app\/wp-content\/uploads\/2024\/02\/Mail.png\" class=\"attachment-large size-large wp-image-671\" alt=\"\" srcset=\"https:\/\/flexcontrol.app\/wp-content\/uploads\/2024\/02\/Mail.png 512w, https:\/\/flexcontrol.app\/wp-content\/uploads\/2024\/02\/Mail-300x300.png 300w, https:\/\/flexcontrol.app\/wp-content\/uploads\/2024\/02\/Mail-150x150.png 150w\" sizes=\"(max-width: 512px) 100vw, 512px\" \/>\t\t\t\t\t\t\t\t\t\t\t\t\t<\/div>\n\t\t\t\t<\/div>\n\t\t\t\t<div class=\"elementor-element elementor-element-be94c22 elementor-widget__width-initial elementor-widget elementor-widget-heading\" data-id=\"be94c22\" data-element_type=\"widget\" data-widget_type=\"heading.default\">\n\t\t\t\t<div class=\"elementor-widget-container\">\n\t\t\t<h5 class=\"elementor-heading-title elementor-size-default\">M\u00e1s informaci\u00f3n: info@appvant.com<\/h5>\t\t<\/div>\n\t\t\t\t<\/div>\n\t\t\t\t\t<\/div>\n\t\t\t\t<\/div>\n\t\t<div class=\"elementor-element elementor-element-5e5dba3 e-flex e-con-boxed e-con e-child\" data-id=\"5e5dba3\" data-element_type=\"container\">\n\t\t\t\t\t<div class=\"e-con-inner\">\n\t\t\t\t<div class=\"elementor-element elementor-element-74967bd elementor-widget__width-initial elementor-widget elementor-widget-image\" data-id=\"74967bd\" data-element_type=\"widget\" data-widget_type=\"image.default\">\n\t\t\t\t<div class=\"elementor-widget-container\">\n\t\t\t\t\t\t\t\t\t\t\t\t\t<img decoding=\"async\" width=\"384\" height=\"512\" src=\"https:\/\/flexcontrol.app\/wp-content\/uploads\/2024\/02\/location-dot-3-1.png\" class=\"attachment-large size-large wp-image-673\" alt=\"\" srcset=\"https:\/\/flexcontrol.app\/wp-content\/uploads\/2024\/02\/location-dot-3-1.png 384w, https:\/\/flexcontrol.app\/wp-content\/uploads\/2024\/02\/location-dot-3-1-225x300.png 225w\" sizes=\"(max-width: 384px) 100vw, 384px\" \/>\t\t\t\t\t\t\t\t\t\t\t\t\t<\/div>\n\t\t\t\t<\/div>\n\t\t\t\t<div class=\"elementor-element elementor-element-59d256e elementor-widget__width-initial elementor-widget elementor-widget-heading\" data-id=\"59d256e\" data-element_type=\"widget\" data-widget_type=\"heading.default\">\n\t\t\t\t<div class=\"elementor-widget-container\">\n\t\t\t<h5 class=\"elementor-heading-title elementor-size-default\">Estado de M\u00e9xico, M\u00e9xico <\/h5>\t\t<\/div>\n\t\t\t\t<\/div>\n\t\t\t\t\t<\/div>\n\t\t\t\t<\/div>\n\t\t\t\t<\/div>\n\t\t\t\t<\/div>\n\t\t\t\t<\/div>\n\t\t<div class=\"elementor-element elementor-element-d553485 e-con-full e-flex e-con e-child\" data-id=\"d553485\" data-element_type=\"container\" data-settings=\"{&quot;background_background&quot;:&quot;classic&quot;}\">\n\t\t<div class=\"elementor-element elementor-element-b72e2e9 e-con-full e-flex e-con e-child\" data-id=\"b72e2e9\" data-element_type=\"container\">\n\t\t\t\t<div class=\"elementor-element elementor-element-84d52f6 elementor-widget elementor-widget-wpforms\" data-id=\"84d52f6\" data-element_type=\"widget\" data-widget_type=\"wpforms.default\">\n\t\t\t\t<div class=\"elementor-widget-container\">\n\t\t\t<style id=\"wpforms-css-vars-root\">\n\t\t\t\t:root {\n\t\t\t\t\t--wpforms-field-border-radius: 3px;\n--wpforms-field-border-style: solid;\n--wpforms-field-border-size: 1px;\n--wpforms-field-background-color: #ffffff;\n--wpforms-field-border-color: rgba( 0, 0, 0, 0.25 );\n--wpforms-field-border-color-spare: rgba( 0, 0, 0, 0.25 );\n--wpforms-field-text-color: rgba( 0, 0, 0, 0.7 );\n--wpforms-field-menu-color: #ffffff;\n--wpforms-label-color: rgba( 0, 0, 0, 0.85 );\n--wpforms-label-sublabel-color: rgba( 0, 0, 0, 0.55 );\n--wpforms-label-error-color: #d63637;\n--wpforms-button-border-radius: 3px;\n--wpforms-button-border-style: none;\n--wpforms-button-border-size: 1px;\n--wpforms-button-background-color: #066aab;\n--wpforms-button-border-color: #066aab;\n--wpforms-button-text-color: #ffffff;\n--wpforms-page-break-color: #066aab;\n--wpforms-background-image: none;\n--wpforms-background-position: center center;\n--wpforms-background-repeat: no-repeat;\n--wpforms-background-size: cover;\n--wpforms-background-width: 100px;\n--wpforms-background-height: 100px;\n--wpforms-background-color: rgba( 0, 0, 0, 0 );\n--wpforms-background-url: none;\n--wpforms-container-padding: 0px;\n--wpforms-container-border-style: none;\n--wpforms-container-border-width: 1px;\n--wpforms-container-border-color: #000000;\n--wpforms-container-border-radius: 3px;\n--wpforms-field-size-input-height: 43px;\n--wpforms-field-size-input-spacing: 15px;\n--wpforms-field-size-font-size: 16px;\n--wpforms-field-size-line-height: 19px;\n--wpforms-field-size-padding-h: 14px;\n--wpforms-field-size-checkbox-size: 16px;\n--wpforms-field-size-sublabel-spacing: 5px;\n--wpforms-field-size-icon-size: 1;\n--wpforms-label-size-font-size: 16px;\n--wpforms-label-size-line-height: 19px;\n--wpforms-label-size-sublabel-font-size: 14px;\n--wpforms-label-size-sublabel-line-height: 17px;\n--wpforms-button-size-font-size: 17px;\n--wpforms-button-size-height: 41px;\n--wpforms-button-size-padding-h: 15px;\n--wpforms-button-size-margin-top: 10px;\n--wpforms-container-shadow-size-box-shadow: none;\n\n\t\t\t\t}\n\t\t\t<\/style><style id=\"wpforms-css-vars-elementor-widget-84d52f6\">\n\t\t\t\t.elementor-widget-wpforms.elementor-element-84d52f6 {\n\t\t\t\t\t--wpforms-label-color: #424242;\n--wpforms-button-border-radius: 18px;\n--wpforms-button-background-color: #004CD3;\n--wpforms-field-size-input-height: 31px;\n--wpforms-field-size-input-spacing: 10px;\n--wpforms-field-size-font-size: 14px;\n--wpforms-field-size-line-height: 17px;\n--wpforms-field-size-padding-h: 9px;\n--wpforms-field-size-checkbox-size: 14px;\n--wpforms-field-size-sublabel-spacing: 5px;\n--wpforms-field-size-icon-size: 0.75;\n--wpforms-label-size-font-size: 16px;\n--wpforms-label-size-line-height: 19px;\n--wpforms-label-size-sublabel-font-size: 14px;\n--wpforms-label-size-sublabel-line-height: 17px;\n--wpforms-button-size-font-size: 17px;\n--wpforms-button-size-height: 41px;\n--wpforms-button-size-padding-h: 15px;\n--wpforms-button-size-margin-top: 10px;\n\n\t\t\t\t}\n\t\t\t<\/style><div class=\"wpforms-container wpforms-container-full wpforms-render-modern\" id=\"wpforms-664\"><form id=\"wpforms-form-664\" class=\"wpforms-validate wpforms-form wpforms-ajax-form\" data-formid=\"664\" method=\"post\" enctype=\"multipart\/form-data\" action=\"\/index.php?rest_route=%2Fwp%2Fv2%2Fpages%2F36\" data-token=\"1eb4a8b0a2e87a1aabd4905058f81cec\" data-token-time=\"1777502989\"><noscript class=\"wpforms-error-noscript\">Por favor, activa JavaScript en tu navegador para completar este formulario.<\/noscript><div class=\"wpforms-hidden\" id=\"wpforms-error-noscript\">Por favor, activa JavaScript en tu navegador para completar este formulario.<\/div><div class=\"wpforms-field-container\"><div id=\"wpforms-664-field_0-container\" class=\"wpforms-field wpforms-field-name\" data-field-id=\"0\"><label class=\"wpforms-field-label\" for=\"wpforms-664-field_0\">Nombre <span class=\"wpforms-required-label\" aria-hidden=\"true\">*<\/span><\/label><input type=\"text\" id=\"wpforms-664-field_0\" class=\"wpforms-field-medium wpforms-field-required\" name=\"wpforms[fields][0]\" aria-errormessage=\"wpforms-664-field_0-error\" required><\/div><div id=\"wpforms-664-field_1-container\" class=\"wpforms-field wpforms-field-email\" data-field-id=\"1\"><label class=\"wpforms-field-label\" for=\"wpforms-664-field_1\">Correo electr\u00f3nico <span class=\"wpforms-required-label\" aria-hidden=\"true\">*<\/span><\/label><input type=\"email\" id=\"wpforms-664-field_1\" class=\"wpforms-field-medium wpforms-field-required\" name=\"wpforms[fields][1]\" spellcheck=\"false\" aria-errormessage=\"wpforms-664-field_1-error\" required><\/div><div id=\"wpforms-664-field_4-container\" class=\"wpforms-field wpforms-field-number\" data-field-id=\"4\"><label class=\"wpforms-field-label\" for=\"wpforms-664-field_4\">Contacto (n\u00famero celular)<\/label><input type=\"number\" id=\"wpforms-664-field_4\" class=\"wpforms-field-medium\" name=\"wpforms[fields][4]\" aria-errormessage=\"wpforms-664-field_4-error\" ><\/div><div id=\"wpforms-664-field_5-container\" class=\"wpforms-field wpforms-field-checkbox wpforms-list-3-columns\" data-field-id=\"5\"><fieldset><legend class=\"wpforms-field-label\">Elige el producto que te interesa<\/legend><ul id=\"wpforms-664-field_5\"><li class=\"choice-1 depth-1\"><input type=\"checkbox\" id=\"wpforms-664-field_5_1\" name=\"wpforms[fields][5][]\" value=\"FlexControl\" aria-errormessage=\"wpforms-664-field_5_1-error\"  ><label class=\"wpforms-field-label-inline\" for=\"wpforms-664-field_5_1\">FlexControl<\/label><\/li><li class=\"choice-2 depth-1\"><input type=\"checkbox\" id=\"wpforms-664-field_5_2\" name=\"wpforms[fields][5][]\" value=\"FlexTracker\" aria-errormessage=\"wpforms-664-field_5_2-error\"  ><label class=\"wpforms-field-label-inline\" for=\"wpforms-664-field_5_2\">FlexTracker<\/label><\/li><li class=\"choice-3 depth-1\"><input type=\"checkbox\" id=\"wpforms-664-field_5_3\" name=\"wpforms[fields][5][]\" value=\"FlexBip\" aria-errormessage=\"wpforms-664-field_5_3-error\"  ><label class=\"wpforms-field-label-inline\" for=\"wpforms-664-field_5_3\">FlexBip<\/label><\/li><li class=\"choice-5 depth-1\"><input type=\"checkbox\" id=\"wpforms-664-field_5_5\" name=\"wpforms[fields][5][]\" value=\"Mobileiron\" aria-errormessage=\"wpforms-664-field_5_5-error\"  ><label class=\"wpforms-field-label-inline\" for=\"wpforms-664-field_5_5\">Mobileiron<\/label><\/li><li class=\"choice-4 depth-1\"><input type=\"checkbox\" id=\"wpforms-664-field_5_4\" name=\"wpforms[fields][5][]\" value=\"Samsung Knox\" aria-errormessage=\"wpforms-664-field_5_4-error\"  ><label class=\"wpforms-field-label-inline\" for=\"wpforms-664-field_5_4\">Samsung Knox<\/label><\/li><li class=\"choice-6 depth-1\"><input type=\"checkbox\" id=\"wpforms-664-field_5_6\" name=\"wpforms[fields][5][]\" value=\"MotoTalk\" aria-errormessage=\"wpforms-664-field_5_6-error\"  ><label class=\"wpforms-field-label-inline\" for=\"wpforms-664-field_5_6\">MotoTalk<\/label><\/li><li class=\"choice-7 depth-1\"><input type=\"checkbox\" id=\"wpforms-664-field_5_7\" name=\"wpforms[fields][5][]\" value=\"Sky Alert Desk Plus\" aria-errormessage=\"wpforms-664-field_5_7-error\"  ><label class=\"wpforms-field-label-inline\" for=\"wpforms-664-field_5_7\">Sky Alert Desk Plus<\/label><\/li><li class=\"choice-8 depth-1\"><input type=\"checkbox\" id=\"wpforms-664-field_5_8\" name=\"wpforms[fields][5][]\" value=\"Tareas\" aria-errormessage=\"wpforms-664-field_5_8-error\"  ><label class=\"wpforms-field-label-inline\" for=\"wpforms-664-field_5_8\">Tareas<\/label><\/li><li class=\"choice-9 depth-1\"><input type=\"checkbox\" id=\"wpforms-664-field_5_9\" name=\"wpforms[fields][5][]\" value=\"Lojack\" aria-errormessage=\"wpforms-664-field_5_9-error\"  ><label class=\"wpforms-field-label-inline\" for=\"wpforms-664-field_5_9\">Lojack<\/label><\/li><li class=\"choice-10 depth-1\"><input type=\"checkbox\" id=\"wpforms-664-field_5_10\" name=\"wpforms[fields][5][]\" value=\"Control Flotilla\" aria-errormessage=\"wpforms-664-field_5_10-error\"  ><label class=\"wpforms-field-label-inline\" for=\"wpforms-664-field_5_10\">Control Flotilla<\/label><\/li><li class=\"choice-11 depth-1\"><input type=\"checkbox\" id=\"wpforms-664-field_5_11\" name=\"wpforms[fields][5][]\" value=\"Auto Conectado\" aria-errormessage=\"wpforms-664-field_5_11-error\"  ><label class=\"wpforms-field-label-inline\" for=\"wpforms-664-field_5_11\">Auto Conectado<\/label><\/li><li class=\"choice-12 depth-1\"><input type=\"checkbox\" id=\"wpforms-664-field_5_12\" name=\"wpforms[fields][5][]\" value=\"Control Center\" aria-errormessage=\"wpforms-664-field_5_12-error\"  ><label class=\"wpforms-field-label-inline\" for=\"wpforms-664-field_5_12\">Control Center<\/label><\/li><li class=\"choice-13 depth-1\"><input type=\"checkbox\" id=\"wpforms-664-field_5_13\" name=\"wpforms[fields][5][]\" value=\"Simple Empresarial\" aria-errormessage=\"wpforms-664-field_5_13-error\"  ><label class=\"wpforms-field-label-inline\" for=\"wpforms-664-field_5_13\">Simple Empresarial<\/label><\/li><li class=\"choice-14 depth-1\"><input type=\"checkbox\" id=\"wpforms-664-field_5_14\" name=\"wpforms[fields][5][]\" value=\"\u00c1rmalo Negocios\" aria-errormessage=\"wpforms-664-field_5_14-error\"  ><label class=\"wpforms-field-label-inline\" for=\"wpforms-664-field_5_14\">\u00c1rmalo Negocios<\/label><\/li><\/ul><\/fieldset><\/div><div id=\"wpforms-664-field_2-container\" class=\"wpforms-field wpforms-field-textarea\" data-field-id=\"2\"><label class=\"wpforms-field-label\" for=\"wpforms-664-field_2\">Comentario o mensaje<\/label><textarea id=\"wpforms-664-field_2\" class=\"wpforms-field-medium\" name=\"wpforms[fields][2]\" aria-errormessage=\"wpforms-664-field_2-error\" ><\/textarea><\/div><\/div><!-- .wpforms-field-container --><div class=\"wpforms-submit-container\" ><input type=\"hidden\" name=\"wpforms[id]\" value=\"664\"><input type=\"hidden\" name=\"page_title\" value=\"\"><input type=\"hidden\" name=\"page_url\" value=\"https:\/\/flexcontrol.app\/index.php?rest_route=%2Fwp%2Fv2%2Fpages%2F36\"><button type=\"submit\" name=\"wpforms[submit]\" id=\"wpforms-submit-664\" class=\"wpforms-submit\" data-alt-text=\"Enviando...\" data-submit-text=\"Enviar\" aria-live=\"assertive\" value=\"wpforms-submit\">Enviar<\/button><img loading=\"lazy\" decoding=\"async\" src=\"https:\/\/flexcontrol.app\/wp-content\/plugins\/wpforms-lite\/assets\/images\/submit-spin.svg\" class=\"wpforms-submit-spinner\" style=\"display: none;\" width=\"26\" height=\"26\" alt=\"Cargando\"><\/div><\/form><\/div>  <!-- .wpforms-container -->\t\t<\/div>\n\t\t\t\t<\/div>\n\t\t\t\t<\/div>\n\t\t\t\t<\/div>\n\t\t\t\t\t<\/div>\n\t\t\t\t<\/div>\n\t\t\t\t<\/div>\n\t\t","protected":false},"excerpt":{"rendered":"<p>Cont\u00e1ctanos D\u00e9janos tus datos y te mantendremos al d\u00eda con nuestras mejores ofertas y novedades. \u00a1No querr\u00e1s perderte nada! +52 [&hellip;]<\/p>\n","protected":false},"author":2,"featured_media":0,"parent":0,"menu_order":0,"comment_status":"closed","ping_status":"closed","template":"","meta":{"site-sidebar-layout":"no-sidebar","site-content-layout":"","ast-site-content-layout":"full-width-container","site-content-style":"default","site-sidebar-style":"default","ast-global-header-display":"","ast-banner-title-visibility":"","ast-main-header-display":"","ast-hfb-above-header-display":"","ast-hfb-below-header-display":"","ast-hfb-mobile-header-display":"","site-post-title":"disabled","ast-breadcrumbs-content":"","ast-featured-img":"disabled","footer-sml-layout":"","theme-transparent-header-meta":"","adv-header-id-meta":"","stick-header-meta":"","header-above-stick-meta":"","header-main-stick-meta":"","header-below-stick-meta":"","astra-migrate-meta-layouts":"default","ast-page-background-enabled":"default","ast-page-background-meta":{"desktop":{"background-color":"var(--ast-global-color-4)","background-image":"","background-repeat":"repeat","background-position":"center center","background-size":"auto","background-attachment":"scroll","background-type":"","background-media":"","overlay-type":"","overlay-color":"","overlay-gradient":""},"tablet":{"background-color":"","background-image":"","background-repeat":"repeat","background-position":"center center","background-size":"auto","background-attachment":"scroll","background-type":"","background-media":"","overlay-type":"","overlay-color":"","overlay-gradient":""},"mobile":{"background-color":"","background-image":"","background-repeat":"repeat","background-position":"center center","background-size":"auto","background-attachment":"scroll","background-type":"","background-media":"","overlay-type":"","overlay-color":"","overlay-gradient":""}},"ast-content-background-meta":{"desktop":{"background-color":"var(--ast-global-color-5)","background-image":"","background-repeat":"repeat","background-position":"center center","background-size":"auto","background-attachment":"scroll","background-type":"","background-media":"","overlay-type":"","overlay-color":"","overlay-gradient":""},"tablet":{"background-color":"var(--ast-global-color-5)","background-image":"","background-repeat":"repeat","background-position":"center center","background-size":"auto","background-attachment":"scroll","background-type":"","background-media":"","overlay-type":"","overlay-color":"","overlay-gradient":""},"mobile":{"background-color":"var(--ast-global-color-5)","background-image":"","background-repeat":"repeat","background-position":"center center","background-size":"auto","background-attachment":"scroll","background-type":"","background-media":"","overlay-type":"","overlay-color":"","overlay-gradient":""}},"footnotes":""},"_links":{"self":[{"href":"https:\/\/flexcontrol.app\/index.php?rest_route=\/wp\/v2\/pages\/36"}],"collection":[{"href":"https:\/\/flexcontrol.app\/index.php?rest_route=\/wp\/v2\/pages"}],"about":[{"href":"https:\/\/flexcontrol.app\/index.php?rest_route=\/wp\/v2\/types\/page"}],"author":[{"embeddable":true,"href":"https:\/\/flexcontrol.app\/index.php?rest_route=\/wp\/v2\/users\/2"}],"replies":[{"embeddable":true,"href":"https:\/\/flexcontrol.app\/index.php?rest_route=%2Fwp%2Fv2%2Fcomments&post=36"}],"version-history":[{"count":34,"href":"https:\/\/flexcontrol.app\/index.php?rest_route=\/wp\/v2\/pages\/36\/revisions"}],"predecessor-version":[{"id":2826,"href":"https:\/\/flexcontrol.app\/index.php?rest_route=\/wp\/v2\/pages\/36\/revisions\/2826"}],"wp:attachment":[{"href":"https:\/\/flexcontrol.app\/index.php?rest_route=%2Fwp%2Fv2%2Fmedia&parent=36"}],"curies":[{"name":"wp","href":"https:\/\/api.w.org\/{rel}","templated":true}]}}